{"id":2615,"date":"2025-04-23T11:02:03","date_gmt":"2025-04-23T09:02:03","guid":{"rendered":"https:\/\/europeawineracks.com\/?page_id=2615"},"modified":"2025-04-24T20:15:39","modified_gmt":"2025-04-24T18:15:39","slug":"armoire-a-vin","status":"publish","type":"page","link":"https:\/\/europeawineracks.com\/de\/armoire-a-vin\/","title":{"rendered":"Armoire \u00e0 vin"},"content":{"rendered":"","protected":true},"excerpt":{"rendered":"","protected":true},"author":2,"featured_media":0,"parent":0,"menu_order":0,"comment_status":"closed","ping_status":"closed","template":"elementor_header_footer","meta":{"content-type":"","iawp_total_views":59,"footnotes":""},"class_list":["post-2615","page","type-page","status-publish","post-password-required","hentry"],"yoast_head":"<!-- This site is optimized with the Yoast SEO Premium plugin v27.1 (Yoast SEO v27.4) - https:\/\/yoast.com\/product\/yoast-seo-premium-wordpress\/ -->\n<title>Armoire \u00e0 vin : Apog\u00e9e la cave \u00e0 vin design modulaire<\/title>\n<meta name=\"description\" content=\"Apog\u00e9e offre une cave \u00e0 vin stable, \u00e9co\u00e9nerg\u00e9tique et facile \u00e0 installer pour pr\u00e9server durablement vos bouteilles.\" \/>\n<meta name=\"robots\" content=\"index, follow, max-snippet:-1, max-image-preview:large, max-video-preview:-1\" \/>\n<link rel=\"canonical\" href=\"https:\/\/europeawineracks.com\/de\/armoire-a-vin\/\" \/>\n<meta property=\"og:locale\" content=\"de_DE\" \/>\n<meta property=\"og:type\" content=\"article\" \/>\n<meta property=\"og:title\" content=\"Armoire \u00e0 vin\" \/>\n<meta property=\"og:description\" content=\"Am\u00e9nagez votre cave avec Europea Wine Racks : mobilier cave \u00e0 vin, \u00e9tag\u00e8res \u00e0 vin et casiers \u00e0 vin sur mesure et modulables.\" \/>\n<meta property=\"og:url\" content=\"https:\/\/europeawineracks.com\/de\/armoire-a-vin\/\" \/>\n<meta property=\"og:site_name\" content=\"\u00c9tag\u00e8res et cave \u00e0 vin\" \/>\n<meta property=\"article:publisher\" content=\"https:\/\/www.facebook.com\/people\/Europea-Wine-Racks\/61570316947224\/\" \/>\n<meta property=\"article:modified_time\" content=\"2025-04-24T18:15:39+00:00\" \/>\n<meta name=\"twitter:card\" content=\"summary_large_image\" \/>\n<meta name=\"twitter:label1\" content=\"Gesch\u00e4tzte Lesezeit\" \/>\n\t<meta name=\"twitter:data1\" content=\"22\u00a0Minuten\" \/>\n<script type=\"application\/ld+json\" class=\"yoast-schema-graph\">{\"@context\":\"https:\\\/\\\/schema.org\",\"@graph\":[{\"@type\":\"WebPage\",\"@id\":\"https:\\\/\\\/europeawineracks.com\\\/armoire-a-vin\\\/\",\"url\":\"https:\\\/\\\/europeawineracks.com\\\/armoire-a-vin\\\/\",\"name\":\"Armoire \u00e0 vin : Apog\u00e9e la cave \u00e0 vin design modulaire\",\"isPartOf\":{\"@id\":\"https:\\\/\\\/europeawineracks.com\\\/#website\"},\"datePublished\":\"2025-04-23T09:02:03+00:00\",\"dateModified\":\"2025-04-24T18:15:39+00:00\",\"breadcrumb\":{\"@id\":\"https:\\\/\\\/europeawineracks.com\\\/armoire-a-vin\\\/#breadcrumb\"},\"inLanguage\":\"de-CH\"},{\"@type\":\"WebSite\",\"@id\":\"https:\\\/\\\/europeawineracks.com\\\/#website\",\"url\":\"https:\\\/\\\/europeawineracks.com\\\/\",\"name\":\"Europea Wine Racks\",\"description\":\"Vos grands crus sous tous les angles\",\"publisher\":{\"@id\":\"https:\\\/\\\/europeawineracks.com\\\/#organization\"},\"potentialAction\":[{\"@type\":\"SearchAction\",\"target\":{\"@type\":\"EntryPoint\",\"urlTemplate\":\"https:\\\/\\\/europeawineracks.com\\\/?s={search_term_string}\"},\"query-input\":{\"@type\":\"PropertyValueSpecification\",\"valueRequired\":true,\"valueName\":\"search_term_string\"}}],\"inLanguage\":\"de-CH\"},{\"@type\":\"Organization\",\"@id\":\"https:\\\/\\\/europeawineracks.com\\\/#organization\",\"name\":\"\u00c9tag\u00e8res et cave \u00e0 vin\",\"alternateName\":\"Europea Wine Racks\",\"url\":\"https:\\\/\\\/europeawineracks.com\\\/\",\"logo\":{\"@type\":\"ImageObject\",\"inLanguage\":\"de-CH\",\"@id\":\"https:\\\/\\\/europeawineracks.com\\\/#\\\/schema\\\/logo\\\/image\\\/\",\"url\":\"https:\\\/\\\/europeawineracks.com\\\/wp-content\\\/uploads\\\/2025\\\/04\\\/Capture-decran-2025-04-02-a-23.12.51-1.png\",\"contentUrl\":\"https:\\\/\\\/europeawineracks.com\\\/wp-content\\\/uploads\\\/2025\\\/04\\\/Capture-decran-2025-04-02-a-23.12.51-1.png\",\"width\":283,\"height\":53,\"caption\":\"\u00c9tag\u00e8res et cave \u00e0 vin\"},\"image\":{\"@id\":\"https:\\\/\\\/europeawineracks.com\\\/#\\\/schema\\\/logo\\\/image\\\/\"},\"sameAs\":[\"https:\\\/\\\/www.facebook.com\\\/people\\\/Europea-Wine-Racks\\\/61570316947224\\\/\",\"https:\\\/\\\/fr.pinterest.com\\\/millesimewineracksfrance\\\/\",\"https:\\\/\\\/www.houzz.fr\\\/pro\\\/millesimewineracksfrance\\\/__public\",\"https:\\\/\\\/www.instagram.com\\\/europeawineracks\\\/\"],\"description\":\"l'expertise du mobilier cave \u00e0 vin sur mesure en France et en Europe Sp\u00e9cialiste de l\u2019am\u00e9nagement de cave \u00e0 vin, Europea Wine Racks con\u00e7oit et fabrique des solutions haut de gamme pour les professionnels et les particuliers. Gr\u00e2ce \u00e0 un savoir-faire reconnu et plus de 15 ans d\u2019exp\u00e9rience, l\u2019entreprise propose des \u00e9tag\u00e8res \u00e0 vin, casiers \u00e0 vin et mobilier cave \u00e0 vin enti\u00e8rement personnalisables. Que vous soyez restaurateur, caviste, h\u00f4telier ou amateur de grands crus, Europea Wine Racks cr\u00e9e des espaces de conservation et de pr\u00e9sentation sur mesure, alliant design contemporain, fonctionnalit\u00e9 et performance technique. Install\u00e9e en France, l\u2019entreprise intervient dans toutes les grandes villes comme Paris, Lyon, Marseille, Bordeaux, Lille, mais aussi \u00e0 l\u2019\u00e9chelle europ\u00e9enne : Gen\u00e8ve, Bruxelles, Milan, Madrid\u2026 Gr\u00e2ce \u00e0 des mat\u00e9riaux nobles, une modularit\u00e9 totale et un accompagnement sur-mesure, Europea Wine Racks transforme chaque projet de cave \u00e0 vin en un v\u00e9ritable \u00e9crin \u00e0 bouteilles.\",\"email\":\"info@europeawineracks.com\",\"telephone\":\"0489720869\",\"legalName\":\"\u00e9tag\u00e9res \u00e0 vin contemporaine\",\"vatID\":\"FR51921843975\",\"taxID\":\"92184397500019\",\"numberOfEmployees\":{\"@type\":\"QuantitativeValue\",\"minValue\":\"1\",\"maxValue\":\"10\"}}]}<\/script>\n<!-- \/ Yoast SEO Premium plugin. -->","yoast_head_json":{"title":"Armoire \u00e0 vin : Apog\u00e9e la cave \u00e0 vin design modulaire","description":"Apog\u00e9e offre une cave \u00e0 vin stable, \u00e9co\u00e9nerg\u00e9tique et facile \u00e0 installer pour pr\u00e9server durablement vos bouteilles.","robots":{"index":"index","follow":"follow","max-snippet":"max-snippet:-1","max-image-preview":"max-image-preview:large","max-video-preview":"max-video-preview:-1"},"canonical":"https:\/\/europeawineracks.com\/de\/armoire-a-vin\/","og_locale":"de_DE","og_type":"article","og_title":"Armoire \u00e0 vin","og_description":"Am\u00e9nagez votre cave avec Europea Wine Racks : mobilier cave \u00e0 vin, \u00e9tag\u00e8res \u00e0 vin et casiers \u00e0 vin sur mesure et modulables.","og_url":"https:\/\/europeawineracks.com\/de\/armoire-a-vin\/","og_site_name":"\u00c9tag\u00e8res et cave \u00e0 vin","article_publisher":"https:\/\/www.facebook.com\/people\/Europea-Wine-Racks\/61570316947224\/","article_modified_time":"2025-04-24T18:15:39+00:00","twitter_card":"summary_large_image","twitter_misc":{"Gesch\u00e4tzte Lesezeit":"22\u00a0Minuten"},"schema":{"@context":"https:\/\/schema.org","@graph":[{"@type":"WebPage","@id":"https:\/\/europeawineracks.com\/armoire-a-vin\/","url":"https:\/\/europeawineracks.com\/armoire-a-vin\/","name":"Armoire \u00e0 vin : Apog\u00e9e la cave \u00e0 vin design modulaire","isPartOf":{"@id":"https:\/\/europeawineracks.com\/#website"},"datePublished":"2025-04-23T09:02:03+00:00","dateModified":"2025-04-24T18:15:39+00:00","breadcrumb":{"@id":"https:\/\/europeawineracks.com\/armoire-a-vin\/#breadcrumb"},"inLanguage":"de-CH"},{"@type":"WebSite","@id":"https:\/\/europeawineracks.com\/#website","url":"https:\/\/europeawineracks.com\/","name":"Europea Wine Racks","description":"Ihre Grand Crus aus allen Blickwinkeln","publisher":{"@id":"https:\/\/europeawineracks.com\/#organization"},"potentialAction":[{"@type":"SearchAction","target":{"@type":"EntryPoint","urlTemplate":"https:\/\/europeawineracks.com\/?s={search_term_string}"},"query-input":{"@type":"PropertyValueSpecification","valueRequired":true,"valueName":"search_term_string"}}],"inLanguage":"de-CH"},{"@type":"Organization","@id":"https:\/\/europeawineracks.com\/#organization","name":"Regale und Weinkeller","alternateName":"Europea Wine Racks","url":"https:\/\/europeawineracks.com\/","logo":{"@type":"ImageObject","inLanguage":"de-CH","@id":"https:\/\/europeawineracks.com\/#\/schema\/logo\/image\/","url":"https:\/\/europeawineracks.com\/wp-content\/uploads\/2025\/04\/Capture-decran-2025-04-02-a-23.12.51-1.png","contentUrl":"https:\/\/europeawineracks.com\/wp-content\/uploads\/2025\/04\/Capture-decran-2025-04-02-a-23.12.51-1.png","width":283,"height":53,"caption":"\u00c9tag\u00e8res et cave \u00e0 vin"},"image":{"@id":"https:\/\/europeawineracks.com\/#\/schema\/logo\/image\/"},"sameAs":["https:\/\/www.facebook.com\/people\/Europea-Wine-Racks\/61570316947224\/","https:\/\/fr.pinterest.com\/millesimewineracksfrance\/","https:\/\/www.houzz.fr\/pro\/millesimewineracksfrance\/__public","https:\/\/www.instagram.com\/europeawineracks\/"],"description":"Europea Wine Racks ist auf die Einrichtung von Weinkellern spezialisiert und entwirft und produziert hochwertige L\u00f6sungen f\u00fcr Fachleute und Privatpersonen. Dank seines anerkannten Know-hows und seiner \u00fcber 15-j\u00e4hrigen Erfahrung bietet das Unternehmen Weinregale, Weinregale und Weinkellerm\u00f6bel an, die vollst\u00e4ndig individuell gestaltet werden k\u00f6nnen. Ob Restaurantbesitzer, Weinh\u00e4ndler, Hotelier oder Liebhaber gro\u00dfer Weine - Europea Wine Racks schafft ma\u00dfgeschneiderte R\u00e4ume f\u00fcr die Aufbewahrung und Pr\u00e4sentation von Weinen, die zeitgen\u00f6ssisches Design, Funktionalit\u00e4t und technische Leistung miteinander verbinden. Das in Frankreich ans\u00e4ssige Unternehmen ist in allen gro\u00dfen St\u00e4dten wie Paris, Lyon, Marseille, Bordeaux und Lille t\u00e4tig, aber auch auf europ\u00e4ischer Ebene: Genf, Br\u00fcssel, Mailand, Madrid... Dank edler Materialien, einer vollst\u00e4ndigen Modularit\u00e4t und einer ma\u00dfgeschneiderten Betreuung verwandelt Europea Wine Racks jedes Weinkellerprojekt in ein wahres Schmuckk\u00e4stchen f\u00fcr Ihre Flaschen.","email":"info@europeawineracks.com","telephone":"0489720869","legalName":"\u00e9tag\u00e9res \u00e0 vin contemporaine","vatID":"FR51921843975","taxID":"92184397500019","numberOfEmployees":{"@type":"QuantitativeValue","minValue":"1","maxValue":"10"}}]}},"_links":{"self":[{"href":"https:\/\/europeawineracks.com\/de\/wp-json\/wp\/v2\/pages\/2615","targetHints":{"allow":["GET"]}}],"collection":[{"href":"https:\/\/europeawineracks.com\/de\/wp-json\/wp\/v2\/pages"}],"about":[{"href":"https:\/\/europeawineracks.com\/de\/wp-json\/wp\/v2\/types\/page"}],"author":[{"embeddable":true,"href":"https:\/\/europeawineracks.com\/de\/wp-json\/wp\/v2\/users\/2"}],"replies":[{"embeddable":true,"href":"https:\/\/europeawineracks.com\/de\/wp-json\/wp\/v2\/comments?post=2615"}],"version-history":[{"count":0,"href":"https:\/\/europeawineracks.com\/de\/wp-json\/wp\/v2\/pages\/2615\/revisions"}],"wp:attachment":[{"href":"https:\/\/europeawineracks.com\/de\/wp-json\/wp\/v2\/media?parent=2615"}],"curies":[{"name":"wp","href":"https:\/\/api.w.org\/{rel}","templated":true}]}}