{"id":3926,"date":"2025-05-13T03:38:11","date_gmt":"2025-05-13T01:38:11","guid":{"rendered":"https:\/\/europeawineracks.com\/?page_id=3926"},"modified":"2025-05-13T03:40:45","modified_gmt":"2025-05-13T01:40:45","slug":"mentions-legales","status":"publish","type":"page","link":"https:\/\/europeawineracks.com\/se\/mentions-legales\/","title":{"rendered":"Juridisk information"},"content":{"rendered":"<div data-elementor-type=\"wp-page\" data-elementor-id=\"3926\" class=\"elementor elementor-3926\" data-elementor-post-type=\"page\">\n\t\t\t\t<div class=\"elementor-element elementor-element-1b4bd43 e-flex e-con-boxed e-con e-parent\" data-id=\"1b4bd43\" data-element_type=\"container\" data-e-type=\"container\" data-settings=\"{&quot;background_background&quot;:&quot;classic&quot;}\">\n\t\t\t\t\t<div class=\"e-con-inner\">\n\t\t\t\t<div class=\"elementor-element elementor-element-53bda4b elementor-widget elementor-widget-heading\" data-id=\"53bda4b\" data-element_type=\"widget\" data-e-type=\"widget\" data-widget_type=\"heading.default\">\n\t\t\t\t\t<h1 class=\"elementor-heading-title elementor-size-default\">MENTIONS L\u00c9GALES<\/h1>\t\t\t\t<\/div>\n\t\t\t\t\t<\/div>\n\t\t\t\t<\/div>\n\t\t<div class=\"elementor-element elementor-element-2bbe779 e-flex e-con-boxed e-con e-parent\" data-id=\"2bbe779\" data-element_type=\"container\" data-e-type=\"container\">\n\t\t\t\t\t<div class=\"e-con-inner\">\n\t\t\t\t<div class=\"elementor-element elementor-element-20a777a7 elementor-widget elementor-widget-text-editor\" data-id=\"20a777a7\" data-element_type=\"widget\" data-e-type=\"widget\" data-widget_type=\"text-editor.default\">\n\t\t\t\t\t\t\t\t\t<div id=\"message-chat-64676201\" class=\"receiver group-separator message js-message js-editable\" title=\"12 mai 2025, 19:49\" data-message=\"64676201\" data-live-ignore=\"\" data-chat-target=\"item\" data-sender=\"1275916\" data-timestamp=\"1747072172\"><p class=\"mb-0 message-inner js-message-inner\">Conform\u00e9ment aux dispositions des articles 6-III et 19 de la Loi n\u00b02004-575 du 21 juin 2004 pour la confiance dans l\u2019\u00e9conomie num\u00e9rique, dite L.C.E.N., il est port\u00e9 \u00e0 la connaissance des utilisateurs et visiteurs du site Europeawineracks.com les pr\u00e9sentes mentions l\u00e9gales :<\/p><p>1. \u00c9diteur du site<\/p><p class=\"mb-0 message-inner js-message-inner\">Le site Europeawineracks.com est \u00e9dit\u00e9 par :<\/p><p class=\"mb-0 message-inner js-message-inner\">SARL \u00c9TAG\u00c8RES \u00c0 VIN CONTEMPORAINE\u2028Soci\u00e9t\u00e9 \u00e0 responsabilit\u00e9 limit\u00e9e au capital social de 37 000 \u20ac\u2028Si\u00e8ge social : 8 Chemin de Camperousse, 06130 Grasse, France\u2028SIRET : 921 843 975 00019\u2028Adresse e-mail :\u00a0info@europeawineracks.com\u2028Directeur de la publication : Mr Breard<\/p><p>2. H\u00e9bergement<\/p><p class=\"mb-0 message-inner js-message-inner\">Le site est h\u00e9berg\u00e9 par :<br \/>OVH\u20282 rue Kellermann, 59100 Roubaix, France\u2028Site :\u00a0<a href=\"https:\/\/comeup.com\/fr\/order\/www.ovh.com\" target=\"_blank\" rel=\"noopener noreferrer\">www.ovh.com<\/a><\/p><p>3. Description des services fournis<\/p><p class=\"mb-0 message-inner js-message-inner\">Le site Europeawineracks.com a pour objet de pr\u00e9senter les services et r\u00e9alisations de la soci\u00e9t\u00e9 \u00c9TAG\u00c8RES \u00c0 VIN CONTEMPORAINE, sp\u00e9cialis\u00e9e dans la fabrication de mobilier contemporain pour cave \u00e0 vin.<br \/>Ce site est un site vitrine, ne proposant pas de vente en ligne.<\/p><p>4. Propri\u00e9t\u00e9 intellectuelle<br \/>Tous les contenus pr\u00e9sents sur le site (textes, images, logo, graphismes, ic\u00f4nes, etc.) sont prot\u00e9g\u00e9s par les dispositions du Code de la propri\u00e9t\u00e9 intellectuelle et sont la propri\u00e9t\u00e9 exclusive de la soci\u00e9t\u00e9 \u00c9TAG\u00c8RES \u00c0 VIN CONTEMPORAINE, sauf mention contraire.<br \/>Toute reproduction, repr\u00e9sentation, modification, publication, adaptation de tout ou partie des \u00e9l\u00e9ments du site, quel que soit le moyen ou le proc\u00e9d\u00e9 utilis\u00e9, est interdite sans l\u2019autorisation pr\u00e9alable \u00e9crite de l\u2019\u00e9diteur.<\/p><p>5. Donn\u00e9es personnelles &amp; cookies<\/p><p class=\"mb-0 message-inner js-message-inner\">Le site utilise Google Analytics pour mesurer l\u2019audience et am\u00e9liorer ses services. Les donn\u00e9es collect\u00e9es sont anonymes et ne sont utilis\u00e9es qu\u2019\u00e0 des fins statistiques.<br \/>L\u2019utilisateur est inform\u00e9 que des cookies peuvent s\u2019installer automatiquement sur son navigateur lors de ses visites. Il peut les refuser ou les supprimer via les param\u00e8tres de son navigateur.<br \/>Conform\u00e9ment au R\u00e8glement G\u00e9n\u00e9ral sur la Protection des Donn\u00e9es (RGPD), vous disposez d\u2019un droit d\u2019acc\u00e8s, de rectification et de suppression de vos donn\u00e9es personnelles. Pour toute demande, vous pouvez nous contacter \u00e0 :\u00a0info@europeawineracks.com<\/p><p>6. Responsabilit\u00e9<br \/>L\u2019\u00e9diteur du site s\u2019efforce de fournir des informations aussi pr\u00e9cises que possible. Toutefois, il ne pourra \u00eatre tenu responsable des omissions, inexactitudes ou carences dans la mise \u00e0 jour du contenu.<\/p><p>7. Droit applicable<br \/>Les pr\u00e9sentes mentions l\u00e9gales sont r\u00e9gies par le droit fran\u00e7ais. En cas de litige, les tribunaux comp\u00e9tents seront ceux du ressort du si\u00e8ge social de l\u2019\u00e9diteur.<\/p><\/div><div id=\"message-chat-64676220\" class=\"receiver message js-message js-editable\" title=\"12 mai 2025, 19:50\" data-message=\"64676220\" data-live-ignore=\"\" data-chat-target=\"item\" data-sender=\"1275916\" data-timestamp=\"1747072225\"><p class=\"mb-0 message-inner js-message-inner\">Politique de confidentialit\u00e9<\/p><p>1. Introduction<br \/>La pr\u00e9sente politique de confidentialit\u00e9 a pour objectif de vous informer sur la mani\u00e8re dont le site Europeawineracks.com, \u00e9dit\u00e9 par SARL \u00c9TAG\u00c8RES \u00c0 VIN CONTEMPORAINE, collecte, utilise et prot\u00e8ge vos donn\u00e9es personnelles dans le respect du R\u00e8glement G\u00e9n\u00e9ral sur la Protection des Donn\u00e9es (RGPD).<\/p><p>2. Identit\u00e9 du responsable du traitement<br \/>Le responsable du traitement des donn\u00e9es est :<\/p><p>SARL \u00c9TAG\u00c8RES \u00c0 VIN CONTEMPORAINE<br \/>SIRET : 921 843 975 00019<br \/>Si\u00e8ge social : 8 Chemin de Camperousse, 06130 Grasse<br \/>Email :\u00a0info@europeawineracks.com<\/p><p>3. Donn\u00e9es collect\u00e9es<br \/>Les donn\u00e9es personnelles que nous pouvons \u00eatre amen\u00e9s \u00e0 collecter sont les suivantes :<\/p><p>Nom, pr\u00e9nom, adresse e-mail (via le formulaire de contact)<br \/>Donn\u00e9es de navigation (via Google Analytics) : pages visit\u00e9es, dur\u00e9e de la visite, localisation approximative, type de navigateur, appareil utilis\u00e9, etc.<br \/>4. Finalit\u00e9 du traitement<br \/>Les donn\u00e9es collect\u00e9es sont utilis\u00e9es pour :<\/p><p>R\u00e9pondre \u00e0 vos demandes via le formulaire de contact<br \/>Am\u00e9liorer l\u2019exp\u00e9rience utilisateur sur le site<br \/>R\u00e9aliser des statistiques d\u2019audience anonymis\u00e9es via Google Analytics<br \/>5. Cookies et outils de suivi<br \/>Le site utilise des cookies et traceurs pour :<\/p><p>Faciliter la navigation<br \/>Mesurer l\u2019audience (Google Analytics)<br \/>Conform\u00e9ment \u00e0 la l\u00e9gislation en vigueur, un bandeau de consentement vous informe de l\u2019usage des cookies \u00e0 votre arriv\u00e9e sur le site, et vous permet de les accepter ou les refuser partiellement ou totalement.<\/p><p>6. Dur\u00e9e de conservation<br \/>Les donn\u00e9es personnelles sont conserv\u00e9es :<\/p><p>12 mois pour les donn\u00e9es statistiques anonymis\u00e9es<br \/>3 ans maximum \u00e0 compter du dernier contact pour les demandes via formulaire<br \/>7. Vos droits<br \/>Conform\u00e9ment au RGPD, vous disposez des droits suivants :<\/p><p>Droit d\u2019acc\u00e8s \u00e0 vos donn\u00e9es<br \/>Droit de rectification<br \/>Droit \u00e0 l\u2019effacement<br \/>Droit d\u2019opposition<br \/>Droit \u00e0 la limitation du traitement<br \/>Droit \u00e0 la portabilit\u00e9<br \/>Pour exercer ces droits, envoyez votre demande par e-mail \u00e0 :\u00a0info@europeawineracks.com<\/p><p>8. S\u00e9curit\u00e9 des donn\u00e9es<br \/>Nous mettons en \u0153uvre des mesures techniques et organisationnelles appropri\u00e9es pour assurer la s\u00e9curit\u00e9 de vos donn\u00e9es personnelles contre toute perte, acc\u00e8s non autoris\u00e9 ou divulgation.<\/p><p>9. Modifications de la politique<br \/>Cette politique peut \u00eatre mise \u00e0 jour \u00e0 tout moment. Les modifications seront publi\u00e9es sur cette page, avec indication de la date de mise \u00e0 jour.<\/p><p>Derni\u00e8re mise \u00e0 jour : 12 mai 2025<\/p><\/div>\t\t\t\t\t\t\t\t<\/div>\n\t\t\t\t\t<\/div>\n\t\t\t\t<\/div>\n\t\t\t\t<\/div>","protected":false},"excerpt":{"rendered":"<p>MENTIONS L\u00c9GALES Conform\u00e9ment aux dispositions des articles 6-III et 19 de la Loi n\u00b02004-575 du 21 juin 2004 pour la confiance dans l\u2019\u00e9conomie num\u00e9rique, dite L.C.E.N., il est port\u00e9 \u00e0 la connaissance des utilisateurs et visiteurs du site Europeawineracks.com les pr\u00e9sentes mentions l\u00e9gales : 1. \u00c9diteur du site Le site Europeawineracks.com est \u00e9dit\u00e9 par : [&hellip;]<\/p>","protected":false},"author":2,"featured_media":0,"parent":0,"menu_order":0,"comment_status":"closed","ping_status":"closed","template":"elementor_header_footer","meta":{"content-type":"","iawp_total_views":118,"footnotes":""},"class_list":["post-3926","page","type-page","status-publish","hentry"],"yoast_head":"<!-- This site is optimized with the Yoast SEO Premium plugin v27.1 (Yoast SEO v27.4) - https:\/\/yoast.com\/product\/yoast-seo-premium-wordpress\/ -->\n<title>Mentions L\u00e9gales - Millesime Wine Racks<\/title>\n<meta name=\"description\" content=\"Mentions l\u00e9gales du site.\" \/>\n<meta name=\"robots\" content=\"index, follow, max-snippet:-1, max-image-preview:large, max-video-preview:-1\" \/>\n<link rel=\"canonical\" href=\"https:\/\/europeawineracks.com\/se\/mentions-legales\/\" \/>\n<meta property=\"og:locale\" content=\"sv_SE\" \/>\n<meta property=\"og:type\" content=\"article\" \/>\n<meta property=\"og:title\" content=\"Mentions L\u00e9gales\" \/>\n<meta property=\"og:description\" content=\"Am\u00e9nagez votre cave avec Europea Wine Racks : mobilier cave \u00e0 vin, \u00e9tag\u00e8res \u00e0 vin et casiers \u00e0 vin sur mesure et modulables.\" \/>\n<meta property=\"og:url\" content=\"https:\/\/europeawineracks.com\/se\/mentions-legales\/\" \/>\n<meta property=\"og:site_name\" content=\"\u00c9tag\u00e8res et cave \u00e0 vin\" \/>\n<meta property=\"article:publisher\" content=\"https:\/\/www.facebook.com\/people\/Europea-Wine-Racks\/61570316947224\/\" \/>\n<meta property=\"article:modified_time\" content=\"2025-05-13T01:40:45+00:00\" \/>\n<meta property=\"og:image\" content=\"https:\/\/europeawineracks.com\/wp-content\/uploads\/2024\/10\/Capture-decran-2021-11-25-a-08.54.46-copie-scaled.jpg\" \/>\n\t<meta property=\"og:image:width\" content=\"2560\" \/>\n\t<meta property=\"og:image:height\" content=\"1634\" \/>\n\t<meta property=\"og:image:type\" content=\"image\/jpeg\" \/>\n<meta name=\"twitter:card\" content=\"summary_large_image\" \/>\n<meta name=\"twitter:label1\" content=\"Ber\u00e4knad l\u00e4stid\" \/>\n\t<meta name=\"twitter:data1\" content=\"4 minuter\" \/>\n<script type=\"application\/ld+json\" class=\"yoast-schema-graph\">{\"@context\":\"https:\\\/\\\/schema.org\",\"@graph\":[{\"@type\":\"WebPage\",\"@id\":\"https:\\\/\\\/europeawineracks.com\\\/mentions-legales\\\/\",\"url\":\"https:\\\/\\\/europeawineracks.com\\\/mentions-legales\\\/\",\"name\":\"Mentions L\u00e9gales - Millesime Wine Racks\",\"isPartOf\":{\"@id\":\"https:\\\/\\\/europeawineracks.com\\\/#website\"},\"datePublished\":\"2025-05-13T01:38:11+00:00\",\"dateModified\":\"2025-05-13T01:40:45+00:00\",\"description\":\"Mentions l\u00e9gales du site.\",\"breadcrumb\":{\"@id\":\"https:\\\/\\\/europeawineracks.com\\\/mentions-legales\\\/#breadcrumb\"},\"inLanguage\":\"sv-SE\",\"potentialAction\":[{\"@type\":\"ReadAction\",\"target\":[\"https:\\\/\\\/europeawineracks.com\\\/mentions-legales\\\/\"]}]},{\"@type\":\"BreadcrumbList\",\"@id\":\"https:\\\/\\\/europeawineracks.com\\\/mentions-legales\\\/#breadcrumb\",\"itemListElement\":[{\"@type\":\"ListItem\",\"position\":1,\"name\":\"Accueil\",\"item\":\"https:\\\/\\\/europeawineracks.com\\\/\"},{\"@type\":\"ListItem\",\"position\":2,\"name\":\"Mentions L\u00e9gales\"}]},{\"@type\":\"WebSite\",\"@id\":\"https:\\\/\\\/europeawineracks.com\\\/#website\",\"url\":\"https:\\\/\\\/europeawineracks.com\\\/\",\"name\":\"Europea Wine Racks\",\"description\":\"Vos grands crus sous tous les angles\",\"publisher\":{\"@id\":\"https:\\\/\\\/europeawineracks.com\\\/#organization\"},\"potentialAction\":[{\"@type\":\"SearchAction\",\"target\":{\"@type\":\"EntryPoint\",\"urlTemplate\":\"https:\\\/\\\/europeawineracks.com\\\/?s={search_term_string}\"},\"query-input\":{\"@type\":\"PropertyValueSpecification\",\"valueRequired\":true,\"valueName\":\"search_term_string\"}}],\"inLanguage\":\"sv-SE\"},{\"@type\":\"Organization\",\"@id\":\"https:\\\/\\\/europeawineracks.com\\\/#organization\",\"name\":\"\u00c9tag\u00e8res et cave \u00e0 vin\",\"alternateName\":\"Europea Wine Racks\",\"url\":\"https:\\\/\\\/europeawineracks.com\\\/\",\"logo\":{\"@type\":\"ImageObject\",\"inLanguage\":\"sv-SE\",\"@id\":\"https:\\\/\\\/europeawineracks.com\\\/#\\\/schema\\\/logo\\\/image\\\/\",\"url\":\"https:\\\/\\\/europeawineracks.com\\\/wp-content\\\/uploads\\\/2025\\\/04\\\/Capture-decran-2025-04-02-a-23.12.51-1.png\",\"contentUrl\":\"https:\\\/\\\/europeawineracks.com\\\/wp-content\\\/uploads\\\/2025\\\/04\\\/Capture-decran-2025-04-02-a-23.12.51-1.png\",\"width\":283,\"height\":53,\"caption\":\"\u00c9tag\u00e8res et cave \u00e0 vin\"},\"image\":{\"@id\":\"https:\\\/\\\/europeawineracks.com\\\/#\\\/schema\\\/logo\\\/image\\\/\"},\"sameAs\":[\"https:\\\/\\\/www.facebook.com\\\/people\\\/Europea-Wine-Racks\\\/61570316947224\\\/\",\"https:\\\/\\\/fr.pinterest.com\\\/millesimewineracksfrance\\\/\",\"https:\\\/\\\/www.houzz.fr\\\/pro\\\/millesimewineracksfrance\\\/__public\",\"https:\\\/\\\/www.instagram.com\\\/europeawineracks\\\/\"],\"description\":\"l'expertise du mobilier cave \u00e0 vin sur mesure en France et en Europe Sp\u00e9cialiste de l\u2019am\u00e9nagement de cave \u00e0 vin, Europea Wine Racks con\u00e7oit et fabrique des solutions haut de gamme pour les professionnels et les particuliers. Gr\u00e2ce \u00e0 un savoir-faire reconnu et plus de 15 ans d\u2019exp\u00e9rience, l\u2019entreprise propose des \u00e9tag\u00e8res \u00e0 vin, casiers \u00e0 vin et mobilier cave \u00e0 vin enti\u00e8rement personnalisables. Que vous soyez restaurateur, caviste, h\u00f4telier ou amateur de grands crus, Europea Wine Racks cr\u00e9e des espaces de conservation et de pr\u00e9sentation sur mesure, alliant design contemporain, fonctionnalit\u00e9 et performance technique. Install\u00e9e en France, l\u2019entreprise intervient dans toutes les grandes villes comme Paris, Lyon, Marseille, Bordeaux, Lille, mais aussi \u00e0 l\u2019\u00e9chelle europ\u00e9enne : Gen\u00e8ve, Bruxelles, Milan, Madrid\u2026 Gr\u00e2ce \u00e0 des mat\u00e9riaux nobles, une modularit\u00e9 totale et un accompagnement sur-mesure, Europea Wine Racks transforme chaque projet de cave \u00e0 vin en un v\u00e9ritable \u00e9crin \u00e0 bouteilles.\",\"email\":\"info@europeawineracks.com\",\"telephone\":\"0489720869\",\"legalName\":\"\u00e9tag\u00e9res \u00e0 vin contemporaine\",\"vatID\":\"FR51921843975\",\"taxID\":\"92184397500019\",\"numberOfEmployees\":{\"@type\":\"QuantitativeValue\",\"minValue\":\"1\",\"maxValue\":\"10\"}}]}<\/script>\n<!-- \/ Yoast SEO Premium plugin. -->","yoast_head_json":{"title":"Mentions L\u00e9gales - Millesime Wine Racks","description":"Mentions l\u00e9gales du site.","robots":{"index":"index","follow":"follow","max-snippet":"max-snippet:-1","max-image-preview":"max-image-preview:large","max-video-preview":"max-video-preview:-1"},"canonical":"https:\/\/europeawineracks.com\/se\/mentions-legales\/","og_locale":"sv_SE","og_type":"article","og_title":"Mentions L\u00e9gales","og_description":"Am\u00e9nagez votre cave avec Europea Wine Racks : mobilier cave \u00e0 vin, \u00e9tag\u00e8res \u00e0 vin et casiers \u00e0 vin sur mesure et modulables.","og_url":"https:\/\/europeawineracks.com\/se\/mentions-legales\/","og_site_name":"\u00c9tag\u00e8res et cave \u00e0 vin","article_publisher":"https:\/\/www.facebook.com\/people\/Europea-Wine-Racks\/61570316947224\/","article_modified_time":"2025-05-13T01:40:45+00:00","og_image":[{"width":2560,"height":1634,"url":"https:\/\/europeawineracks.com\/wp-content\/uploads\/2024\/10\/Capture-decran-2021-11-25-a-08.54.46-copie-scaled.jpg","type":"image\/jpeg"}],"twitter_card":"summary_large_image","twitter_misc":{"Ber\u00e4knad l\u00e4stid":"4 minuter"},"schema":{"@context":"https:\/\/schema.org","@graph":[{"@type":"WebPage","@id":"https:\/\/europeawineracks.com\/mentions-legales\/","url":"https:\/\/europeawineracks.com\/mentions-legales\/","name":"Mentions L\u00e9gales - Millesime Wine Racks","isPartOf":{"@id":"https:\/\/europeawineracks.com\/#website"},"datePublished":"2025-05-13T01:38:11+00:00","dateModified":"2025-05-13T01:40:45+00:00","description":"Mentions l\u00e9gales du site.","breadcrumb":{"@id":"https:\/\/europeawineracks.com\/mentions-legales\/#breadcrumb"},"inLanguage":"sv-SE","potentialAction":[{"@type":"ReadAction","target":["https:\/\/europeawineracks.com\/mentions-legales\/"]}]},{"@type":"BreadcrumbList","@id":"https:\/\/europeawineracks.com\/mentions-legales\/#breadcrumb","itemListElement":[{"@type":"ListItem","position":1,"name":"Accueil","item":"https:\/\/europeawineracks.com\/"},{"@type":"ListItem","position":2,"name":"Mentions L\u00e9gales"}]},{"@type":"WebSite","@id":"https:\/\/europeawineracks.com\/#website","url":"https:\/\/europeawineracks.com\/","name":"Europea Vinst\u00e4ll","description":"Dina barnbarns kross fr\u00e5n alla vinklar","publisher":{"@id":"https:\/\/europeawineracks.com\/#organization"},"potentialAction":[{"@type":"SearchAction","target":{"@type":"EntryPoint","urlTemplate":"https:\/\/europeawineracks.com\/?s={search_term_string}"},"query-input":{"@type":"PropertyValueSpecification","valueRequired":true,"valueName":"search_term_string"}}],"inLanguage":"sv-SE"},{"@type":"Organization","@id":"https:\/\/europeawineracks.com\/#organization","name":"Hyllor och vink\u00e4llare","alternateName":"Europea Wine Racks","url":"https:\/\/europeawineracks.com\/","logo":{"@type":"ImageObject","inLanguage":"sv-SE","@id":"https:\/\/europeawineracks.com\/#\/schema\/logo\/image\/","url":"https:\/\/europeawineracks.com\/wp-content\/uploads\/2025\/04\/Capture-decran-2025-04-02-a-23.12.51-1.png","contentUrl":"https:\/\/europeawineracks.com\/wp-content\/uploads\/2025\/04\/Capture-decran-2025-04-02-a-23.12.51-1.png","width":283,"height":53,"caption":"\u00c9tag\u00e8res et cave \u00e0 vin"},"image":{"@id":"https:\/\/europeawineracks.com\/#\/schema\/logo\/image\/"},"sameAs":["https:\/\/www.facebook.com\/people\/Europea-Wine-Racks\/61570316947224\/","https:\/\/fr.pinterest.com\/millesimewineracksfrance\/","https:\/\/www.houzz.fr\/pro\/millesimewineracksfrance\/__public","https:\/\/www.instagram.com\/europeawineracks\/"],"description":"Europea Wine Racks \u00e4r specialister p\u00e5 vink\u00e4llarinredning och designar och tillverkar l\u00f6sningar i toppklass f\u00f6r professionella och privata kunder. Med erk\u00e4nd expertis och \u00f6ver 15 \u00e5rs erfarenhet erbjuder f\u00f6retaget helt anpassningsbara vinst\u00e4ll, vinsk\u00e5p och vink\u00e4llarm\u00f6bler. Oavsett om du \u00e4r restaurang\u00e4gare, vinhandlare, hotell\u00e4gare eller vink\u00e4nnare skapar Europea Wine Racks skr\u00e4ddarsydda lagrings- och utst\u00e4llningsytor som kombinerar modern design, funktionalitet och teknisk prestanda. F\u00f6retaget \u00e4r baserat i Frankrike och \u00e4r verksamt i alla st\u00f6rre st\u00e4der, inklusive Paris, Lyon, Marseille, Bordeaux och Lille, samt i hela Europa: Gen\u00e8ve, Bryssel, Milano, Madrid etc. Tack vare anv\u00e4ndningen av h\u00f6gkvalitativa material, total modularitet och m\u00e5ttanpassad support f\u00f6rvandlar Europea Wine Racks varje vink\u00e4llarprojekt till ett verkligt skyltf\u00f6nster f\u00f6r flaskor.","email":"info@europeawineracks.com","telephone":"0489720869","legalName":"\u00e9tag\u00e9res \u00e0 vin contemporaine","vatID":"FR51921843975","taxID":"92184397500019","numberOfEmployees":{"@type":"QuantitativeValue","minValue":"1","maxValue":"10"}}]}},"_links":{"self":[{"href":"https:\/\/europeawineracks.com\/se\/wp-json\/wp\/v2\/pages\/3926","targetHints":{"allow":["GET"]}}],"collection":[{"href":"https:\/\/europeawineracks.com\/se\/wp-json\/wp\/v2\/pages"}],"about":[{"href":"https:\/\/europeawineracks.com\/se\/wp-json\/wp\/v2\/types\/page"}],"author":[{"embeddable":true,"href":"https:\/\/europeawineracks.com\/se\/wp-json\/wp\/v2\/users\/2"}],"replies":[{"embeddable":true,"href":"https:\/\/europeawineracks.com\/se\/wp-json\/wp\/v2\/comments?post=3926"}],"version-history":[{"count":0,"href":"https:\/\/europeawineracks.com\/se\/wp-json\/wp\/v2\/pages\/3926\/revisions"}],"wp:attachment":[{"href":"https:\/\/europeawineracks.com\/se\/wp-json\/wp\/v2\/media?parent=3926"}],"curies":[{"name":"wp","href":"https:\/\/api.w.org\/{rel}","templated":true}]}}