{"id":3936,"date":"2025-05-13T03:50:21","date_gmt":"2025-05-13T01:50:21","guid":{"rendered":"https:\/\/europeawineracks.com\/politique-de-cookies-ue\/"},"modified":"2025-10-14T10:51:10","modified_gmt":"2025-10-14T08:51:10","slug":"politique-de-cookies-ue","status":"publish","type":"page","link":"https:\/\/europeawineracks.com\/se\/politique-de-cookies-ue\/","title":{"rendered":"Politique de cookies (UE)"},"content":{"rendered":"<div data-elementor-type=\"wp-page\" data-elementor-id=\"3936\" class=\"elementor elementor-3936\" data-elementor-post-type=\"page\">\n\t\t\t\t<div class=\"elementor-element elementor-element-796666f e-flex e-con-boxed e-con e-parent\" data-id=\"796666f\" data-element_type=\"container\" data-e-type=\"container\" data-settings=\"{&quot;background_background&quot;:&quot;classic&quot;}\">\n\t\t\t\t\t<div class=\"e-con-inner\">\n\t\t\t\t<div class=\"elementor-element elementor-element-8b26c37 elementor-widget elementor-widget-heading\" data-id=\"8b26c37\" data-element_type=\"widget\" data-e-type=\"widget\" data-widget_type=\"heading.default\">\n\t\t\t\t\t<h1 class=\"elementor-heading-title elementor-size-default\">POLITIQUE DE CONFIDENTIALIT\u00c9<\/h1>\t\t\t\t<\/div>\n\t\t\t\t\t<\/div>\n\t\t\t\t<\/div>\n\t\t<div class=\"elementor-element elementor-element-538e997 e-flex e-con-boxed e-con e-parent\" data-id=\"538e997\" data-element_type=\"container\" data-e-type=\"container\">\n\t\t\t\t\t<div class=\"e-con-inner\">\n\t\t\t\t<div class=\"elementor-element elementor-element-144d050 elementor-widget elementor-widget-html\" data-id=\"144d050\" data-element_type=\"widget\" data-e-type=\"widget\" data-widget_type=\"html.default\">\n\t\t\t\t\t<!DOCTYPE html>\n<html lang=\"fr\">\n<head>\n\u00a0 <meta charset=\"UTF-8\" \/>\n\u00a0 <meta name=\"viewport\" content=\"width=device-width, initial-scale=1\" \/>\n\u00a0 <title>Politique de Confidentialit\u00e9 - Europeawineracks.co.uk<\/title>\n<\/head>\n<body>\n\u00a0 <h1>Integritetspolicy<\/h1>\n\n\u00a0 <h2>Introduction<\/h2>\n\u00a0 <p>\n\u00a0 \u00a0 Cette politique de confidentialit\u00e9 vise \u00e0 vous informer sur la mani\u00e8re dont le site web <strong>Europeawineracks.co.uk<\/strong>, \u00e9dit\u00e9 par\n\u00a0 \u00a0 <strong>SARL \u00c9TAG\u00c8RES \u00c0 VIN CONTEMPORAINE<\/strong>, collecte, utilise et prot\u00e8ge vos donn\u00e9es personnelles, conform\u00e9ment au R\u00e8glement G\u00e9n\u00e9ral sur la Protection des Donn\u00e9es (RGPD).\n\u00a0 <\/p>\n\n\u00a0 <h2>Identit\u00e9 du Responsable de Traitement<\/h2>\n\u00a0 <p>Le responsable du traitement des donn\u00e9es est :<\/p>\n\u00a0 <address>\n\u00a0 \u00a0 SARL \u00c9TAG\u00c8RES \u00c0 VIN CONTEMPORAINE<br \/>\n\u00a0 \u00a0 SIRET : 921 843 975 00019<br \/>\n\u00a0 \u00a0 Si\u00e8ge social : 8 Chemin de Camperousse, 06130 Grasse, France<br \/>\n\u00a0 \u00a0 Email : <a href=\"mailto:info@europeawineracks.com\">info@europeawineracks.com<\/a>\n\u00a0 <\/address>\n\n\u00a0 <h2>Donn\u00e9es Collect\u00e9es<\/h2>\n\u00a0 <p>Les donn\u00e9es personnelles que nous sommes susceptibles de collecter incluent :<\/p>\n\u00a0 <ul>\n\u00a0 \u00a0 <li>Nom, pr\u00e9nom, adresse e-mail (via le formulaire de contact)<\/li>\n\u00a0 \u00a0 <li>\n\u00a0 \u00a0 \u00a0 Donn\u00e9es de navigation (via Google Analytics) : pages visit\u00e9es, dur\u00e9e de la visite, localisation approximative, type de navigateur, appareil utilis\u00e9, etc.\n\u00a0 \u00a0 <\/li>\n\u00a0 <\/ul>\n\n\u00a0 <h2>Finalit\u00e9 du Traitement<\/h2>\n\u00a0 <p>Les donn\u00e9es collect\u00e9es sont utilis\u00e9es pour :<\/p>\n\u00a0 <ul>\n\u00a0 \u00a0 <li>R\u00e9pondre \u00e0 vos demandes via le formulaire de contact<\/li>\n\u00a0 \u00a0 <li>Am\u00e9liorer l'exp\u00e9rience utilisateur sur le site web<\/li>\n\u00a0 \u00a0 <li>Produire des statistiques d'audience anonymis\u00e9es via Google Analytics<\/li>\n\u00a0 <\/ul>\n\n\u00a0 <h2>Cookies et Outils de Suivi<\/h2>\n\u00a0 <p>Le site utilise des cookies et des traceurs pour :<\/p>\n\u00a0 <ul>\n\u00a0 \u00a0 <li>Faciliter la navigation<\/li>\n\u00a0 \u00a0 <li>Mesurer l'audience (Google Analytics)<\/li>\n\u00a0 <\/ul>\n\u00a0 <p>\n\u00a0 \u00a0 Conform\u00e9ment \u00e0 la l\u00e9gislation en vigueur, un bandeau de consentement vous informe sur l'utilisation des cookies d\u00e8s votre arriv\u00e9e sur le site, vous permettant de les accepter ou de les refuser partiellement\/totalement.\n\u00a0 <\/p>\n\n\u00a0 <h2>Dur\u00e9e de Conservation des Donn\u00e9es<\/h2>\n\u00a0 <p>Les donn\u00e9es personnelles sont conserv\u00e9es comme suit :<\/p>\n\u00a0 <ul>\n\u00a0 \u00a0 <li>12 mois pour les donn\u00e9es statistiques anonymis\u00e9es<\/li>\n\u00a0 \u00a0 <li>Jusqu'\u00e0 3 ans \u00e0 partir du dernier contact pour les demandes via formulaire<\/li>\n\u00a0 <\/ul>\n\n\u00a0 <h2>Vos Droits<\/h2>\n\u00a0 <p>Conform\u00e9ment au RGPD, vous disposez des droits suivants :<\/p>\n\u00a0 <ul>\n\u00a0 \u00a0 <li>Droit d'acc\u00e8s \u00e0 vos donn\u00e9es<\/li>\n\u00a0 \u00a0 <li>Droit de rectification<\/li>\n\u00a0 \u00a0 <li>Droit \u00e0 l'effacement<\/li>\n\u00a0 \u00a0 <li>Droit d'opposition<\/li>\n\u00a0 \u00a0 <li>Droit \u00e0 la limitation du traitement<\/li>\n\u00a0 \u00a0 <li>Droit \u00e0 la portabilit\u00e9 des donn\u00e9es<\/li>\n\u00a0 <\/ul>\n\u00a0 <p>\n\u00a0 \u00a0 Pour exercer ces droits, veuillez adresser votre demande par courriel \u00e0 : <a href=\"mailto:info@europeawineracks.com\">info@europeawineracks.com<\/a>\n\u00a0 <\/p>\n\n\u00a0 <h2>S\u00e9curit\u00e9 des Donn\u00e9es<\/h2>\n\u00a0 <p>\n\u00a0 \u00a0 Nous mettons en \u0153uvre les mesures techniques et organisationnelles appropri\u00e9es pour assurer la s\u00e9curit\u00e9 de vos donn\u00e9es personnelles contre la perte, l'acc\u00e8s non autoris\u00e9 ou la divulgation.\n\u00a0 <\/p>\n\n\u00a0 <h2>Mises \u00e0 Jour de la Politique<\/h2>\n\u00a0 <p>\n\u00a0 \u00a0 Cette politique peut \u00eatre mise \u00e0 jour \u00e0 tout moment. Les modifications seront publi\u00e9es sur cette page avec la date de mise \u00e0 jour indiqu\u00e9e.\n\u00a0 <\/p>\n\n\u00a0 <p><strong>Derni\u00e8re mise \u00e0 jour : 12 mai 2025<\/strong><\/p>\n<\/body>\n<\/html>\t\t\t\t<\/div>\n\t\t\t\t\t<\/div>\n\t\t\t\t<\/div>\n\t\t\t\t<\/div>","protected":false},"excerpt":{"rendered":"<p>POLITIQUE DE CONFIDENTIALIT\u00c9 \u00a0 \u00a0 \u00a0 Politique de Confidentialit\u00e9 &#8211; Europeawineracks.co.uk \u00a0 Politique de Confidentialit\u00e9 \u00a0 Introduction \u00a0 \u00a0 \u00a0 Cette politique de confidentialit\u00e9 vise \u00e0 vous informer sur la mani\u00e8re dont le site web Europeawineracks.co.uk, \u00e9dit\u00e9 par \u00a0 \u00a0 SARL \u00c9TAG\u00c8RES \u00c0 VIN CONTEMPORAINE, collecte, utilise et prot\u00e8ge vos donn\u00e9es personnelles, conform\u00e9ment au R\u00e8glement [&hellip;]<\/p>","protected":false},"author":2,"featured_media":0,"parent":0,"menu_order":0,"comment_status":"closed","ping_status":"closed","template":"elementor_header_footer","meta":{"content-type":"","iawp_total_views":83,"footnotes":""},"class_list":["post-3936","page","type-page","status-publish","hentry"],"yoast_head":"<!-- This site is optimized with the Yoast SEO Premium plugin v27.1 (Yoast SEO v27.4) - https:\/\/yoast.com\/product\/yoast-seo-premium-wordpress\/ -->\n<title>Politique de cookies (UE) - Millesime Wine Racks<\/title>\n<meta name=\"description\" content=\"Politique de gestion des cookies.\" \/>\n<meta name=\"robots\" content=\"index, follow, max-snippet:-1, max-image-preview:large, max-video-preview:-1\" \/>\n<link rel=\"canonical\" href=\"https:\/\/europeawineracks.com\/se\/politique-de-cookies-ue\/\" \/>\n<meta property=\"og:locale\" content=\"sv_SE\" \/>\n<meta property=\"og:type\" content=\"article\" \/>\n<meta property=\"og:title\" content=\"Politique de cookies (UE)\" \/>\n<meta property=\"og:description\" content=\"Am\u00e9nagez votre cave avec Europea Wine Racks : mobilier cave \u00e0 vin, \u00e9tag\u00e8res \u00e0 vin et casiers \u00e0 vin sur mesure et modulables.\" \/>\n<meta property=\"og:url\" content=\"https:\/\/europeawineracks.com\/se\/politique-de-cookies-ue\/\" \/>\n<meta property=\"og:site_name\" content=\"\u00c9tag\u00e8res et cave \u00e0 vin\" \/>\n<meta property=\"article:publisher\" content=\"https:\/\/www.facebook.com\/people\/Europea-Wine-Racks\/61570316947224\/\" \/>\n<meta property=\"article:modified_time\" content=\"2025-10-14T08:51:10+00:00\" \/>\n<meta property=\"og:image\" content=\"https:\/\/europeawineracks.com\/wp-content\/uploads\/2024\/10\/Capture-decran-2021-11-25-a-08.54.46-copie-scaled.jpg\" \/>\n\t<meta property=\"og:image:width\" content=\"2560\" \/>\n\t<meta property=\"og:image:height\" content=\"1634\" \/>\n\t<meta property=\"og:image:type\" content=\"image\/jpeg\" \/>\n<meta name=\"twitter:card\" content=\"summary_large_image\" \/>\n<meta name=\"twitter:label1\" content=\"Ber\u00e4knad l\u00e4stid\" \/>\n\t<meta name=\"twitter:data1\" content=\"2 minuter\" \/>\n<script type=\"application\/ld+json\" class=\"yoast-schema-graph\">{\"@context\":\"https:\\\/\\\/schema.org\",\"@graph\":[{\"@type\":\"WebPage\",\"@id\":\"https:\\\/\\\/europeawineracks.com\\\/politique-de-cookies-ue\\\/\",\"url\":\"https:\\\/\\\/europeawineracks.com\\\/politique-de-cookies-ue\\\/\",\"name\":\"Politique de cookies (UE) - Millesime Wine Racks\",\"isPartOf\":{\"@id\":\"https:\\\/\\\/europeawineracks.com\\\/#website\"},\"datePublished\":\"2025-05-13T01:50:21+00:00\",\"dateModified\":\"2025-10-14T08:51:10+00:00\",\"description\":\"Politique de gestion des cookies.\",\"breadcrumb\":{\"@id\":\"https:\\\/\\\/europeawineracks.com\\\/politique-de-cookies-ue\\\/#breadcrumb\"},\"inLanguage\":\"sv-SE\",\"potentialAction\":[{\"@type\":\"ReadAction\",\"target\":[\"https:\\\/\\\/europeawineracks.com\\\/politique-de-cookies-ue\\\/\"]}]},{\"@type\":\"BreadcrumbList\",\"@id\":\"https:\\\/\\\/europeawineracks.com\\\/politique-de-cookies-ue\\\/#breadcrumb\",\"itemListElement\":[{\"@type\":\"ListItem\",\"position\":1,\"name\":\"Accueil\",\"item\":\"https:\\\/\\\/europeawineracks.com\\\/\"},{\"@type\":\"ListItem\",\"position\":2,\"name\":\"Politique de cookies (UE)\"}]},{\"@type\":\"WebSite\",\"@id\":\"https:\\\/\\\/europeawineracks.com\\\/#website\",\"url\":\"https:\\\/\\\/europeawineracks.com\\\/\",\"name\":\"Europea Wine Racks\",\"description\":\"Vos grands crus sous tous les angles\",\"publisher\":{\"@id\":\"https:\\\/\\\/europeawineracks.com\\\/#organization\"},\"potentialAction\":[{\"@type\":\"SearchAction\",\"target\":{\"@type\":\"EntryPoint\",\"urlTemplate\":\"https:\\\/\\\/europeawineracks.com\\\/?s={search_term_string}\"},\"query-input\":{\"@type\":\"PropertyValueSpecification\",\"valueRequired\":true,\"valueName\":\"search_term_string\"}}],\"inLanguage\":\"sv-SE\"},{\"@type\":\"Organization\",\"@id\":\"https:\\\/\\\/europeawineracks.com\\\/#organization\",\"name\":\"\u00c9tag\u00e8res et cave \u00e0 vin\",\"alternateName\":\"Europea Wine Racks\",\"url\":\"https:\\\/\\\/europeawineracks.com\\\/\",\"logo\":{\"@type\":\"ImageObject\",\"inLanguage\":\"sv-SE\",\"@id\":\"https:\\\/\\\/europeawineracks.com\\\/#\\\/schema\\\/logo\\\/image\\\/\",\"url\":\"https:\\\/\\\/europeawineracks.com\\\/wp-content\\\/uploads\\\/2025\\\/04\\\/Capture-decran-2025-04-02-a-23.12.51-1.png\",\"contentUrl\":\"https:\\\/\\\/europeawineracks.com\\\/wp-content\\\/uploads\\\/2025\\\/04\\\/Capture-decran-2025-04-02-a-23.12.51-1.png\",\"width\":283,\"height\":53,\"caption\":\"\u00c9tag\u00e8res et cave \u00e0 vin\"},\"image\":{\"@id\":\"https:\\\/\\\/europeawineracks.com\\\/#\\\/schema\\\/logo\\\/image\\\/\"},\"sameAs\":[\"https:\\\/\\\/www.facebook.com\\\/people\\\/Europea-Wine-Racks\\\/61570316947224\\\/\",\"https:\\\/\\\/fr.pinterest.com\\\/millesimewineracksfrance\\\/\",\"https:\\\/\\\/www.houzz.fr\\\/pro\\\/millesimewineracksfrance\\\/__public\",\"https:\\\/\\\/www.instagram.com\\\/europeawineracks\\\/\"],\"description\":\"l'expertise du mobilier cave \u00e0 vin sur mesure en France et en Europe Sp\u00e9cialiste de l\u2019am\u00e9nagement de cave \u00e0 vin, Europea Wine Racks con\u00e7oit et fabrique des solutions haut de gamme pour les professionnels et les particuliers. Gr\u00e2ce \u00e0 un savoir-faire reconnu et plus de 15 ans d\u2019exp\u00e9rience, l\u2019entreprise propose des \u00e9tag\u00e8res \u00e0 vin, casiers \u00e0 vin et mobilier cave \u00e0 vin enti\u00e8rement personnalisables. Que vous soyez restaurateur, caviste, h\u00f4telier ou amateur de grands crus, Europea Wine Racks cr\u00e9e des espaces de conservation et de pr\u00e9sentation sur mesure, alliant design contemporain, fonctionnalit\u00e9 et performance technique. Install\u00e9e en France, l\u2019entreprise intervient dans toutes les grandes villes comme Paris, Lyon, Marseille, Bordeaux, Lille, mais aussi \u00e0 l\u2019\u00e9chelle europ\u00e9enne : Gen\u00e8ve, Bruxelles, Milan, Madrid\u2026 Gr\u00e2ce \u00e0 des mat\u00e9riaux nobles, une modularit\u00e9 totale et un accompagnement sur-mesure, Europea Wine Racks transforme chaque projet de cave \u00e0 vin en un v\u00e9ritable \u00e9crin \u00e0 bouteilles.\",\"email\":\"info@europeawineracks.com\",\"telephone\":\"0489720869\",\"legalName\":\"\u00e9tag\u00e9res \u00e0 vin contemporaine\",\"vatID\":\"FR51921843975\",\"taxID\":\"92184397500019\",\"numberOfEmployees\":{\"@type\":\"QuantitativeValue\",\"minValue\":\"1\",\"maxValue\":\"10\"}}]}<\/script>\n<!-- \/ Yoast SEO Premium plugin. -->","yoast_head_json":{"title":"Politique de cookies (UE) - Millesime Wine Racks","description":"Politique de gestion des cookies.","robots":{"index":"index","follow":"follow","max-snippet":"max-snippet:-1","max-image-preview":"max-image-preview:large","max-video-preview":"max-video-preview:-1"},"canonical":"https:\/\/europeawineracks.com\/se\/politique-de-cookies-ue\/","og_locale":"sv_SE","og_type":"article","og_title":"Politique de cookies (UE)","og_description":"Am\u00e9nagez votre cave avec Europea Wine Racks : mobilier cave \u00e0 vin, \u00e9tag\u00e8res \u00e0 vin et casiers \u00e0 vin sur mesure et modulables.","og_url":"https:\/\/europeawineracks.com\/se\/politique-de-cookies-ue\/","og_site_name":"\u00c9tag\u00e8res et cave \u00e0 vin","article_publisher":"https:\/\/www.facebook.com\/people\/Europea-Wine-Racks\/61570316947224\/","article_modified_time":"2025-10-14T08:51:10+00:00","og_image":[{"width":2560,"height":1634,"url":"https:\/\/europeawineracks.com\/wp-content\/uploads\/2024\/10\/Capture-decran-2021-11-25-a-08.54.46-copie-scaled.jpg","type":"image\/jpeg"}],"twitter_card":"summary_large_image","twitter_misc":{"Ber\u00e4knad l\u00e4stid":"2 minuter"},"schema":{"@context":"https:\/\/schema.org","@graph":[{"@type":"WebPage","@id":"https:\/\/europeawineracks.com\/politique-de-cookies-ue\/","url":"https:\/\/europeawineracks.com\/politique-de-cookies-ue\/","name":"Politique de cookies (UE) - Millesime Wine Racks","isPartOf":{"@id":"https:\/\/europeawineracks.com\/#website"},"datePublished":"2025-05-13T01:50:21+00:00","dateModified":"2025-10-14T08:51:10+00:00","description":"Politique de gestion des cookies.","breadcrumb":{"@id":"https:\/\/europeawineracks.com\/politique-de-cookies-ue\/#breadcrumb"},"inLanguage":"sv-SE","potentialAction":[{"@type":"ReadAction","target":["https:\/\/europeawineracks.com\/politique-de-cookies-ue\/"]}]},{"@type":"BreadcrumbList","@id":"https:\/\/europeawineracks.com\/politique-de-cookies-ue\/#breadcrumb","itemListElement":[{"@type":"ListItem","position":1,"name":"Accueil","item":"https:\/\/europeawineracks.com\/"},{"@type":"ListItem","position":2,"name":"Politique de cookies (UE)"}]},{"@type":"WebSite","@id":"https:\/\/europeawineracks.com\/#website","url":"https:\/\/europeawineracks.com\/","name":"Europea Vinst\u00e4ll","description":"Dina barnbarns kross fr\u00e5n alla vinklar","publisher":{"@id":"https:\/\/europeawineracks.com\/#organization"},"potentialAction":[{"@type":"SearchAction","target":{"@type":"EntryPoint","urlTemplate":"https:\/\/europeawineracks.com\/?s={search_term_string}"},"query-input":{"@type":"PropertyValueSpecification","valueRequired":true,"valueName":"search_term_string"}}],"inLanguage":"sv-SE"},{"@type":"Organization","@id":"https:\/\/europeawineracks.com\/#organization","name":"Hyllor och vink\u00e4llare","alternateName":"Europea Wine Racks","url":"https:\/\/europeawineracks.com\/","logo":{"@type":"ImageObject","inLanguage":"sv-SE","@id":"https:\/\/europeawineracks.com\/#\/schema\/logo\/image\/","url":"https:\/\/europeawineracks.com\/wp-content\/uploads\/2025\/04\/Capture-decran-2025-04-02-a-23.12.51-1.png","contentUrl":"https:\/\/europeawineracks.com\/wp-content\/uploads\/2025\/04\/Capture-decran-2025-04-02-a-23.12.51-1.png","width":283,"height":53,"caption":"\u00c9tag\u00e8res et cave \u00e0 vin"},"image":{"@id":"https:\/\/europeawineracks.com\/#\/schema\/logo\/image\/"},"sameAs":["https:\/\/www.facebook.com\/people\/Europea-Wine-Racks\/61570316947224\/","https:\/\/fr.pinterest.com\/millesimewineracksfrance\/","https:\/\/www.houzz.fr\/pro\/millesimewineracksfrance\/__public","https:\/\/www.instagram.com\/europeawineracks\/"],"description":"Europea Wine Racks \u00e4r specialister p\u00e5 vink\u00e4llarinredning och designar och tillverkar l\u00f6sningar i toppklass f\u00f6r professionella och privata kunder. Med erk\u00e4nd expertis och \u00f6ver 15 \u00e5rs erfarenhet erbjuder f\u00f6retaget helt anpassningsbara vinst\u00e4ll, vinsk\u00e5p och vink\u00e4llarm\u00f6bler. Oavsett om du \u00e4r restaurang\u00e4gare, vinhandlare, hotell\u00e4gare eller vink\u00e4nnare skapar Europea Wine Racks skr\u00e4ddarsydda lagrings- och utst\u00e4llningsytor som kombinerar modern design, funktionalitet och teknisk prestanda. F\u00f6retaget \u00e4r baserat i Frankrike och \u00e4r verksamt i alla st\u00f6rre st\u00e4der, inklusive Paris, Lyon, Marseille, Bordeaux och Lille, samt i hela Europa: Gen\u00e8ve, Bryssel, Milano, Madrid etc. Tack vare anv\u00e4ndningen av h\u00f6gkvalitativa material, total modularitet och m\u00e5ttanpassad support f\u00f6rvandlar Europea Wine Racks varje vink\u00e4llarprojekt till ett verkligt skyltf\u00f6nster f\u00f6r flaskor.","email":"info@europeawineracks.com","telephone":"0489720869","legalName":"\u00e9tag\u00e9res \u00e0 vin contemporaine","vatID":"FR51921843975","taxID":"92184397500019","numberOfEmployees":{"@type":"QuantitativeValue","minValue":"1","maxValue":"10"}}]}},"_links":{"self":[{"href":"https:\/\/europeawineracks.com\/se\/wp-json\/wp\/v2\/pages\/3936","targetHints":{"allow":["GET"]}}],"collection":[{"href":"https:\/\/europeawineracks.com\/se\/wp-json\/wp\/v2\/pages"}],"about":[{"href":"https:\/\/europeawineracks.com\/se\/wp-json\/wp\/v2\/types\/page"}],"author":[{"embeddable":true,"href":"https:\/\/europeawineracks.com\/se\/wp-json\/wp\/v2\/users\/2"}],"replies":[{"embeddable":true,"href":"https:\/\/europeawineracks.com\/se\/wp-json\/wp\/v2\/comments?post=3936"}],"version-history":[{"count":9,"href":"https:\/\/europeawineracks.com\/se\/wp-json\/wp\/v2\/pages\/3936\/revisions"}],"predecessor-version":[{"id":4598,"href":"https:\/\/europeawineracks.com\/se\/wp-json\/wp\/v2\/pages\/3936\/revisions\/4598"}],"wp:attachment":[{"href":"https:\/\/europeawineracks.com\/se\/wp-json\/wp\/v2\/media?parent=3936"}],"curies":[{"name":"wp","href":"https:\/\/api.w.org\/{rel}","templated":true}]}}